{"id":55,"date":"2020-09-11T10:54:27","date_gmt":"2020-09-11T10:54:27","guid":{"rendered":"https:\/\/www.f-s-huber.de\/?page_id=55"},"modified":"2021-01-14T13:27:39","modified_gmt":"2021-01-14T13:27:39","slug":"impressum","status":"publish","type":"page","link":"https:\/\/www.f-s-huber.de\/?page_id=55","title":{"rendered":"Impressum"},"content":{"rendered":"\t\t<div data-elementor-type=\"wp-page\" data-elementor-id=\"55\" class=\"elementor elementor-55\" data-elementor-settings=\"[]\">\n\t\t\t\t\t\t<div class=\"elementor-inner\">\n\t\t\t\t\t\t\t<div class=\"elementor-section-wrap\">\n\t\t\t\t\t\t\t<section class=\"elementor-section elementor-top-section elementor-element elementor-element-5171741 elementor-section-boxed elementor-section-height-default elementor-section-height-default\" data-id=\"5171741\" data-element_type=\"section\">\n\t\t\t\t\t\t<div class=\"elementor-container elementor-column-gap-default\">\n\t\t\t\t\t\t\t<div class=\"elementor-row\">\n\t\t\t\t\t<div class=\"elementor-column elementor-col-100 elementor-top-column elementor-element elementor-element-949e2f7\" data-id=\"949e2f7\" data-element_type=\"column\">\n\t\t\t<div class=\"elementor-column-wrap elementor-element-populated\">\n\t\t\t\t\t\t\t<div class=\"elementor-widget-wrap\">\n\t\t\t\t\t\t<div class=\"elementor-element elementor-element-700f341 elementor-widget elementor-widget-spacer\" data-id=\"700f341\" data-element_type=\"widget\" data-widget_type=\"spacer.default\">\n\t\t\t\t<div class=\"elementor-widget-container\">\n\t\t\t\t\t<div class=\"elementor-spacer\">\n\t\t\t<div class=\"elementor-spacer-inner\"><\/div>\n\t\t<\/div>\n\t\t\t\t<\/div>\n\t\t\t\t<\/div>\n\t\t\t\t<div class=\"elementor-element elementor-element-ee491e5 elementor-widget elementor-widget-heading\" data-id=\"ee491e5\" data-element_type=\"widget\" data-widget_type=\"heading.default\">\n\t\t\t\t<div class=\"elementor-widget-container\">\n\t\t\t<h1 class=\"elementor-heading-title elementor-size-default\">Impressum<\/h1>\t\t<\/div>\n\t\t\t\t<\/div>\n\t\t\t\t\t\t<\/div>\n\t\t\t\t\t<\/div>\n\t\t<\/div>\n\t\t\t\t\t\t\t\t<\/div>\n\t\t\t\t\t<\/div>\n\t\t<\/section>\n\t\t\t\t<section class=\"elementor-section elementor-top-section elementor-element elementor-element-131c8d8 elementor-section-boxed elementor-section-height-default elementor-section-height-default\" data-id=\"131c8d8\" data-element_type=\"section\">\n\t\t\t\t\t\t<div class=\"elementor-container elementor-column-gap-default\">\n\t\t\t\t\t\t\t<div class=\"elementor-row\">\n\t\t\t\t\t<div class=\"elementor-column elementor-col-100 elementor-top-column elementor-element elementor-element-c4e85b8\" data-id=\"c4e85b8\" data-element_type=\"column\">\n\t\t\t<div class=\"elementor-column-wrap elementor-element-populated\">\n\t\t\t\t\t\t\t<div class=\"elementor-widget-wrap\">\n\t\t\t\t\t\t<div class=\"elementor-element elementor-element-16b5ad8 elementor-widget elementor-widget-spacer\" data-id=\"16b5ad8\" data-element_type=\"widget\" data-widget_type=\"spacer.default\">\n\t\t\t\t<div class=\"elementor-widget-container\">\n\t\t\t\t\t<div class=\"elementor-spacer\">\n\t\t\t<div class=\"elementor-spacer-inner\"><\/div>\n\t\t<\/div>\n\t\t\t\t<\/div>\n\t\t\t\t<\/div>\n\t\t\t\t<div class=\"elementor-element elementor-element-43fa0b2 elementor-widget elementor-widget-text-editor\" data-id=\"43fa0b2\" data-element_type=\"widget\" data-widget_type=\"text-editor.default\">\n\t\t\t\t<div class=\"elementor-widget-container\">\n\t\t\t\t\t<div class=\"elementor-text-editor elementor-clearfix\"><p>F\u00fcr den Inhalt verantwortlich:<\/p><p><strong>Firma: F-S-H<\/strong><\/p><p>Fliesen &#8211; Schornstein &#8211; Huber<br \/>Inhaber: Erich Huber<br \/>Regensburger Str. 17<br \/>93133 Burglengenfeld<br \/>Deutschland<\/p><p>Telefon: +49 (0) 151 &#8211; 543 520 23<\/p><p>Internet: www.f-s-huber.de<\/p><p>E-Mail:\u00a0info@f-s-huber.de<\/p><p>Finanzamt Schwandorf<br \/>Steuernummer: 248 \/ 231 \/ 10290<br \/>Umsatzsteuer-Identifikationsnummer gem\u00e4\u00df \u00a7 19 UStG: DE\u00a0 32 3070 496<\/p><p>Haftungshinweis:<br \/>Trotz sorgf\u00e4ltiger inhaltlicher Kontrolle \u00fcbernehmen wir keine Haftung f\u00fcr die Inhalte externer Links. F\u00fcr den Inhalt der verlinkten Seiten sind ausschlie\u00dflich deren Betreiber verantwortlich.<\/p><\/div>\n\t\t\t\t<\/div>\n\t\t\t\t<\/div>\n\t\t\t\t<div class=\"elementor-element elementor-element-9268003 elementor-widget elementor-widget-spacer\" data-id=\"9268003\" data-element_type=\"widget\" data-widget_type=\"spacer.default\">\n\t\t\t\t<div class=\"elementor-widget-container\">\n\t\t\t\t\t<div class=\"elementor-spacer\">\n\t\t\t<div class=\"elementor-spacer-inner\"><\/div>\n\t\t<\/div>\n\t\t\t\t<\/div>\n\t\t\t\t<\/div>\n\t\t\t\t\t\t<\/div>\n\t\t\t\t\t<\/div>\n\t\t<\/div>\n\t\t\t\t\t\t\t\t<\/div>\n\t\t\t\t\t<\/div>\n\t\t<\/section>\n\t\t\t\t\t\t<\/div>\n\t\t\t\t\t\t<\/div>\n\t\t\t\t\t<\/div>\n\t\t","protected":false},"excerpt":{"rendered":"<p>Impressum F\u00fcr den Inhalt verantwortlich: Firma: F-S-H Fliesen &#8211; Schornstein &#8211; HuberInhaber: Erich HuberRegensburger Str. 1793133 BurglengenfeldDeutschland Telefon: +49 (0) 151 &#8211; 543 520 23 Internet: www.f-s-huber.de E-Mail:\u00a0info@f-s-huber.de Finanzamt SchwandorfSteuernummer: 248 \/ 231 \/ 10290Umsatzsteuer-Identifikationsnummer gem\u00e4\u00df \u00a7 19 UStG: DE\u00a0 32 3070 496 Haftungshinweis:Trotz sorgf\u00e4ltiger inhaltlicher Kontrolle \u00fcbernehmen wir keine Haftung f\u00fcr die Inhalte externer&hellip;&nbsp;<a href=\"https:\/\/www.f-s-huber.de\/?page_id=55\" class=\"\" rel=\"bookmark\">Weiterlesen &raquo;<span class=\"screen-reader-text\">Impressum<\/span><\/a><\/p>\n","protected":false},"author":1,"featured_media":0,"parent":0,"menu_order":0,"comment_status":"closed","ping_status":"closed","template":"page-templates\/template-pagebuilder-full-width.php","meta":{"neve_meta_sidebar":"","neve_meta_container":"","neve_meta_enable_content_width":"","neve_meta_content_width":0,"neve_meta_title_alignment":"","neve_meta_author_avatar":"","neve_post_elements_order":"","neve_meta_disable_header":"","neve_meta_disable_footer":"","neve_meta_disable_title":"","_ti_tpc_template_sync":false,"_ti_tpc_template_id":"","footnotes":""},"class_list":["post-55","page","type-page","status-publish","hentry"],"yoast_head":"<!-- This site is optimized with the Yoast SEO plugin v15.6.2 - https:\/\/yoast.com\/wordpress\/plugins\/seo\/ -->\n<title>Impressum - F-S-Huber<\/title>\n<meta name=\"robots\" content=\"index, follow, max-snippet:-1, max-image-preview:large, max-video-preview:-1\" \/>\n<link rel=\"canonical\" href=\"https:\/\/www.f-s-huber.de\/?page_id=55\" \/>\n<meta property=\"og:locale\" content=\"de_DE\" \/>\n<meta property=\"og:type\" content=\"article\" \/>\n<meta property=\"og:title\" content=\"Impressum - F-S-Huber\" \/>\n<meta property=\"og:description\" content=\"Impressum F\u00fcr den Inhalt verantwortlich: Firma: F-S-H Fliesen &#8211; Schornstein &#8211; HuberInhaber: Erich HuberRegensburger Str. 1793133 BurglengenfeldDeutschland Telefon: +49 (0) 151 &#8211; 543 520 23 Internet: www.f-s-huber.de E-Mail:\u00a0info@f-s-huber.de Finanzamt SchwandorfSteuernummer: 248 \/ 231 \/ 10290Umsatzsteuer-Identifikationsnummer gem\u00e4\u00df \u00a7 19 UStG: DE\u00a0 32 3070 496 Haftungshinweis:Trotz sorgf\u00e4ltiger inhaltlicher Kontrolle \u00fcbernehmen wir keine Haftung f\u00fcr die Inhalte externer&hellip;&nbsp;Weiterlesen &raquo;Impressum\" \/>\n<meta property=\"og:url\" content=\"https:\/\/www.f-s-huber.de\/?page_id=55\" \/>\n<meta property=\"og:site_name\" content=\"F-S-Huber\" \/>\n<meta property=\"article:modified_time\" content=\"2021-01-14T13:27:39+00:00\" \/>\n<meta name=\"twitter:card\" content=\"summary_large_image\" \/>\n<script type=\"application\/ld+json\" class=\"yoast-schema-graph\">{\"@context\":\"https:\/\/schema.org\",\"@graph\":[{\"@type\":\"Organization\",\"@id\":\"https:\/\/www.f-s-huber.de\/#organization\",\"name\":\"Fliesen - Schornstein - Huber\",\"url\":\"https:\/\/www.f-s-huber.de\/\",\"sameAs\":[],\"logo\":{\"@type\":\"ImageObject\",\"@id\":\"https:\/\/www.f-s-huber.de\/#logo\",\"inLanguage\":\"de\",\"url\":\"https:\/\/www.f-s-huber.de\/wp-content\/uploads\/2020\/09\/FSH-Logo-1.jpeg\",\"width\":685,\"height\":395,\"caption\":\"Fliesen - Schornstein - Huber\"},\"image\":{\"@id\":\"https:\/\/www.f-s-huber.de\/#logo\"}},{\"@type\":\"WebSite\",\"@id\":\"https:\/\/www.f-s-huber.de\/#website\",\"url\":\"https:\/\/www.f-s-huber.de\/\",\"name\":\"Fliesen - Schornstein - Huber\",\"description\":\"Fliesen - Schornstein - Huber\",\"publisher\":{\"@id\":\"https:\/\/www.f-s-huber.de\/#organization\"},\"potentialAction\":[{\"@type\":\"SearchAction\",\"target\":\"https:\/\/www.f-s-huber.de\/?s={search_term_string}\",\"query-input\":\"required name=search_term_string\"}],\"inLanguage\":\"de\"},{\"@type\":\"WebPage\",\"@id\":\"https:\/\/www.f-s-huber.de\/?page_id=55#webpage\",\"url\":\"https:\/\/www.f-s-huber.de\/?page_id=55\",\"name\":\"Impressum - F-S-Huber\",\"isPartOf\":{\"@id\":\"https:\/\/www.f-s-huber.de\/#website\"},\"datePublished\":\"2020-09-11T10:54:27+00:00\",\"dateModified\":\"2021-01-14T13:27:39+00:00\",\"inLanguage\":\"de\",\"potentialAction\":[{\"@type\":\"ReadAction\",\"target\":[\"https:\/\/www.f-s-huber.de\/?page_id=55\"]}]}]}<\/script>\n<!-- \/ Yoast SEO plugin. -->","_links":{"self":[{"href":"https:\/\/www.f-s-huber.de\/index.php?rest_route=\/wp\/v2\/pages\/55"}],"collection":[{"href":"https:\/\/www.f-s-huber.de\/index.php?rest_route=\/wp\/v2\/pages"}],"about":[{"href":"https:\/\/www.f-s-huber.de\/index.php?rest_route=\/wp\/v2\/types\/page"}],"author":[{"embeddable":true,"href":"https:\/\/www.f-s-huber.de\/index.php?rest_route=\/wp\/v2\/users\/1"}],"replies":[{"embeddable":true,"href":"https:\/\/www.f-s-huber.de\/index.php?rest_route=%2Fwp%2Fv2%2Fcomments&post=55"}],"version-history":[{"count":8,"href":"https:\/\/www.f-s-huber.de\/index.php?rest_route=\/wp\/v2\/pages\/55\/revisions"}],"predecessor-version":[{"id":555,"href":"https:\/\/www.f-s-huber.de\/index.php?rest_route=\/wp\/v2\/pages\/55\/revisions\/555"}],"wp:attachment":[{"href":"https:\/\/www.f-s-huber.de\/index.php?rest_route=%2Fwp%2Fv2%2Fmedia&parent=55"}],"curies":[{"name":"wp","href":"https:\/\/api.w.org\/{rel}","templated":true}]}}