{"id":306,"date":"2021-01-10T07:10:45","date_gmt":"2021-01-10T07:10:45","guid":{"rendered":"https:\/\/www.f-s-huber.de\/?page_id=306"},"modified":"2021-01-19T15:27:00","modified_gmt":"2021-01-19T15:27:00","slug":"startseite","status":"publish","type":"page","link":"https:\/\/www.f-s-huber.de\/","title":{"rendered":"Startseite"},"content":{"rendered":"\t\t<div data-elementor-type=\"wp-page\" data-elementor-id=\"306\" class=\"elementor elementor-306\" data-elementor-settings=\"[]\">\n\t\t\t\t\t\t<div class=\"elementor-inner\">\n\t\t\t\t\t\t\t<div class=\"elementor-section-wrap\">\n\t\t\t\t\t\t\t<section class=\"elementor-section elementor-top-section elementor-element elementor-element-ddf7b39 elementor-section-full_width elementor-section-height-min-height elementor-section-height-default elementor-section-items-middle\" data-id=\"ddf7b39\" data-element_type=\"section\" data-settings=\"{&quot;background_background&quot;:&quot;slideshow&quot;,&quot;background_slideshow_gallery&quot;:[{&quot;id&quot;:321,&quot;url&quot;:&quot;http:\\\/\\\/www.f-s-huber.de\\\/wp-content\\\/uploads\\\/2021\\\/01\\\/Headerbild-Logo-scaled.jpg&quot;}],&quot;background_slideshow_loop&quot;:&quot;yes&quot;,&quot;background_slideshow_slide_duration&quot;:5000,&quot;background_slideshow_slide_transition&quot;:&quot;fade&quot;,&quot;background_slideshow_transition_duration&quot;:500}\">\n\t\t\t\t\t\t<div class=\"elementor-container elementor-column-gap-default\">\n\t\t\t\t\t\t\t<div class=\"elementor-row\">\n\t\t\t\t\t<div class=\"elementor-column elementor-col-100 elementor-top-column elementor-element elementor-element-dd85e79\" data-id=\"dd85e79\" data-element_type=\"column\">\n\t\t\t<div class=\"elementor-column-wrap\">\n\t\t\t\t\t\t\t<div class=\"elementor-widget-wrap\">\n\t\t\t\t\t\t\t\t<\/div>\n\t\t\t\t\t<\/div>\n\t\t<\/div>\n\t\t\t\t\t\t\t\t<\/div>\n\t\t\t\t\t<\/div>\n\t\t<\/section>\n\t\t\t\t<section class=\"elementor-section elementor-top-section elementor-element elementor-element-258a341 elementor-section-boxed elementor-section-height-default elementor-section-height-default\" data-id=\"258a341\" data-element_type=\"section\">\n\t\t\t\t\t\t<div class=\"elementor-container elementor-column-gap-default\">\n\t\t\t\t\t\t\t<div class=\"elementor-row\">\n\t\t\t\t\t<div class=\"elementor-column elementor-col-100 elementor-top-column elementor-element elementor-element-26f7c60\" data-id=\"26f7c60\" data-element_type=\"column\">\n\t\t\t<div class=\"elementor-column-wrap elementor-element-populated\">\n\t\t\t\t\t\t\t<div class=\"elementor-widget-wrap\">\n\t\t\t\t\t\t<div class=\"elementor-element elementor-element-4fc456b elementor-widget elementor-widget-spacer\" data-id=\"4fc456b\" data-element_type=\"widget\" data-widget_type=\"spacer.default\">\n\t\t\t\t<div class=\"elementor-widget-container\">\n\t\t\t\t\t<div class=\"elementor-spacer\">\n\t\t\t<div class=\"elementor-spacer-inner\"><\/div>\n\t\t<\/div>\n\t\t\t\t<\/div>\n\t\t\t\t<\/div>\n\t\t\t\t<div class=\"elementor-element elementor-element-32047e6 elementor-widget elementor-widget-heading\" data-id=\"32047e6\" data-element_type=\"widget\" data-widget_type=\"heading.default\">\n\t\t\t\t<div class=\"elementor-widget-container\">\n\t\t\t<h1 class=\"elementor-heading-title elementor-size-default\">Herzlich Willkommen bei Fliesen - Schornstein - Huber\n<\/h1>\t\t<\/div>\n\t\t\t\t<\/div>\n\t\t\t\t<div class=\"elementor-element elementor-element-c72ef9d elementor-widget elementor-widget-text-editor\" data-id=\"c72ef9d\" data-element_type=\"widget\" data-widget_type=\"text-editor.default\">\n\t\t\t\t<div class=\"elementor-widget-container\">\n\t\t\t\t\t<div class=\"elementor-text-editor elementor-clearfix\"><p>Ihr Handwerker aus der Region Schwandorf: zuverl\u00e4ssig, sorgf\u00e4ltig und termingerecht.<\/p><\/div>\n\t\t\t\t<\/div>\n\t\t\t\t<\/div>\n\t\t\t\t\t\t<\/div>\n\t\t\t\t\t<\/div>\n\t\t<\/div>\n\t\t\t\t\t\t\t\t<\/div>\n\t\t\t\t\t<\/div>\n\t\t<\/section>\n\t\t\t\t<section class=\"elementor-section elementor-top-section elementor-element elementor-element-470834a elementor-section-boxed elementor-section-height-default elementor-section-height-default\" data-id=\"470834a\" data-element_type=\"section\">\n\t\t\t\t\t\t<div class=\"elementor-container elementor-column-gap-default\">\n\t\t\t\t\t\t\t<div class=\"elementor-row\">\n\t\t\t\t\t<div class=\"elementor-column elementor-col-100 elementor-top-column elementor-element elementor-element-9fa5270\" data-id=\"9fa5270\" data-element_type=\"column\">\n\t\t\t<div class=\"elementor-column-wrap elementor-element-populated\">\n\t\t\t\t\t\t\t<div class=\"elementor-widget-wrap\">\n\t\t\t\t\t\t<div class=\"elementor-element elementor-element-526cc78 elementor-widget elementor-widget-heading\" data-id=\"526cc78\" data-element_type=\"widget\" data-widget_type=\"heading.default\">\n\t\t\t\t<div class=\"elementor-widget-container\">\n\t\t\t<h3 class=\"elementor-heading-title elementor-size-default\">Unsere Leistungen im \u00dcberblick:<\/h3>\t\t<\/div>\n\t\t\t\t<\/div>\n\t\t\t\t<div class=\"elementor-element elementor-element-c8bebd6 elementor-widget elementor-widget-spacer\" data-id=\"c8bebd6\" data-element_type=\"widget\" data-widget_type=\"spacer.default\">\n\t\t\t\t<div class=\"elementor-widget-container\">\n\t\t\t\t\t<div class=\"elementor-spacer\">\n\t\t\t<div class=\"elementor-spacer-inner\"><\/div>\n\t\t<\/div>\n\t\t\t\t<\/div>\n\t\t\t\t<\/div>\n\t\t\t\t<div class=\"elementor-element elementor-element-9daf1a8 elementor-position-left elementor-vertical-align-middle elementor-widget elementor-widget-image-box\" data-id=\"9daf1a8\" data-element_type=\"widget\" data-widget_type=\"image-box.default\">\n\t\t\t\t<div class=\"elementor-widget-container\">\n\t\t\t<div class=\"elementor-image-box-wrapper\"><figure class=\"elementor-image-box-img\"><a href=\"http:\/\/www.f-s-huber.de\/?page_id=424\"><img loading=\"lazy\" decoding=\"async\" width=\"1831\" height=\"1831\" src=\"https:\/\/www.f-s-huber.de\/wp-content\/uploads\/2021\/01\/Fliesenlegen-Kuechenzeile-1.jpg\" class=\"attachment-full size-full\" alt=\"\" srcset=\"https:\/\/www.f-s-huber.de\/wp-content\/uploads\/2021\/01\/Fliesenlegen-Kuechenzeile-1.jpg 1831w, https:\/\/www.f-s-huber.de\/wp-content\/uploads\/2021\/01\/Fliesenlegen-Kuechenzeile-1-300x300.jpg 300w, https:\/\/www.f-s-huber.de\/wp-content\/uploads\/2021\/01\/Fliesenlegen-Kuechenzeile-1-1024x1024.jpg 1024w, https:\/\/www.f-s-huber.de\/wp-content\/uploads\/2021\/01\/Fliesenlegen-Kuechenzeile-1-150x150.jpg 150w, https:\/\/www.f-s-huber.de\/wp-content\/uploads\/2021\/01\/Fliesenlegen-Kuechenzeile-1-768x768.jpg 768w, https:\/\/www.f-s-huber.de\/wp-content\/uploads\/2021\/01\/Fliesenlegen-Kuechenzeile-1-1536x1536.jpg 1536w\" sizes=\"(max-width: 1831px) 100vw, 1831px\" \/><\/a><\/figure><div class=\"elementor-image-box-content\"><h3 class=\"elementor-image-box-title\"><a href=\"http:\/\/www.f-s-huber.de\/?page_id=424\">Fliesenlegen<\/a><\/h3><p class=\"elementor-image-box-description\">Wir fliesen Ihre K\u00fcche, Bad, Wohnr\u00e4ume sowie Garage nach Ihren individuellen W\u00fcnschen. <br>Egal ob Neubau, Modernisierung oder Sanierung.<\/p><\/div><\/div>\t\t<\/div>\n\t\t\t\t<\/div>\n\t\t\t\t<div class=\"elementor-element elementor-element-5780ac4 elementor-position-left elementor-vertical-align-middle elementor-widget elementor-widget-image-box\" data-id=\"5780ac4\" data-element_type=\"widget\" data-widget_type=\"image-box.default\">\n\t\t\t\t<div class=\"elementor-widget-container\">\n\t\t\t<div class=\"elementor-image-box-wrapper\"><figure class=\"elementor-image-box-img\"><a href=\"http:\/\/www.f-s-huber.de\/?page_id=46\"><img loading=\"lazy\" decoding=\"async\" width=\"1920\" height=\"1920\" src=\"https:\/\/www.f-s-huber.de\/wp-content\/uploads\/2021\/01\/Schornstein-Kaminkopfausfertigung-2.jpg\" class=\"attachment-full size-full\" alt=\"\" srcset=\"https:\/\/www.f-s-huber.de\/wp-content\/uploads\/2021\/01\/Schornstein-Kaminkopfausfertigung-2.jpg 1920w, https:\/\/www.f-s-huber.de\/wp-content\/uploads\/2021\/01\/Schornstein-Kaminkopfausfertigung-2-300x300.jpg 300w, https:\/\/www.f-s-huber.de\/wp-content\/uploads\/2021\/01\/Schornstein-Kaminkopfausfertigung-2-1024x1024.jpg 1024w, https:\/\/www.f-s-huber.de\/wp-content\/uploads\/2021\/01\/Schornstein-Kaminkopfausfertigung-2-150x150.jpg 150w, https:\/\/www.f-s-huber.de\/wp-content\/uploads\/2021\/01\/Schornstein-Kaminkopfausfertigung-2-768x768.jpg 768w, https:\/\/www.f-s-huber.de\/wp-content\/uploads\/2021\/01\/Schornstein-Kaminkopfausfertigung-2-1536x1536.jpg 1536w\" sizes=\"(max-width: 1920px) 100vw, 1920px\" \/><\/a><\/figure><div class=\"elementor-image-box-content\"><h3 class=\"elementor-image-box-title\"><a href=\"http:\/\/www.f-s-huber.de\/?page_id=46\">Schornstein<\/a><\/h3><p class=\"elementor-image-box-description\">Wir errichten Schornsteine aller Art, von Montage, Fertigteilen und Edelstahl bis hin zu <br>nachtr\u00e4glichen Anschl\u00fcssen von Feuerst\u00e4tten und Reinigungs\u00f6ffnungen.<\/p><\/div><\/div>\t\t<\/div>\n\t\t\t\t<\/div>\n\t\t\t\t<div class=\"elementor-element elementor-element-1c3d21b elementor-position-left elementor-vertical-align-middle elementor-widget elementor-widget-image-box\" data-id=\"1c3d21b\" data-element_type=\"widget\" data-widget_type=\"image-box.default\">\n\t\t\t\t<div class=\"elementor-widget-container\">\n\t\t\t<div class=\"elementor-image-box-wrapper\"><figure class=\"elementor-image-box-img\"><a href=\"http:\/\/www.f-s-huber.de\/?page_id=247\"><img loading=\"lazy\" decoding=\"async\" width=\"2365\" height=\"2365\" src=\"https:\/\/www.f-s-huber.de\/wp-content\/uploads\/2021\/01\/Kamineinsatz-Tausch-1.jpg\" class=\"attachment-full size-full\" alt=\"\" srcset=\"https:\/\/www.f-s-huber.de\/wp-content\/uploads\/2021\/01\/Kamineinsatz-Tausch-1.jpg 2365w, https:\/\/www.f-s-huber.de\/wp-content\/uploads\/2021\/01\/Kamineinsatz-Tausch-1-300x300.jpg 300w, https:\/\/www.f-s-huber.de\/wp-content\/uploads\/2021\/01\/Kamineinsatz-Tausch-1-1024x1024.jpg 1024w, https:\/\/www.f-s-huber.de\/wp-content\/uploads\/2021\/01\/Kamineinsatz-Tausch-1-150x150.jpg 150w, https:\/\/www.f-s-huber.de\/wp-content\/uploads\/2021\/01\/Kamineinsatz-Tausch-1-768x768.jpg 768w, https:\/\/www.f-s-huber.de\/wp-content\/uploads\/2021\/01\/Kamineinsatz-Tausch-1-1536x1536.jpg 1536w, https:\/\/www.f-s-huber.de\/wp-content\/uploads\/2021\/01\/Kamineinsatz-Tausch-1-2048x2048.jpg 2048w\" sizes=\"(max-width: 2365px) 100vw, 2365px\" \/><\/a><\/figure><div class=\"elementor-image-box-content\"><h3 class=\"elementor-image-box-title\"><a href=\"http:\/\/www.f-s-huber.de\/?page_id=247\">Kamineinsatz<\/a><\/h3><p class=\"elementor-image-box-description\">Wir tauschen Ihren technisch veralteten Kamineinsatz, um die vorgegebenen Emissions-Grenzwerte <br>gem\u00e4\u00df 1. BImSchV korrekt einzuhalten.<\/p><\/div><\/div>\t\t<\/div>\n\t\t\t\t<\/div>\n\t\t\t\t\t\t<\/div>\n\t\t\t\t\t<\/div>\n\t\t<\/div>\n\t\t\t\t\t\t\t\t<\/div>\n\t\t\t\t\t<\/div>\n\t\t<\/section>\n\t\t\t\t<section class=\"elementor-section elementor-top-section elementor-element elementor-element-4a00153 elementor-section-boxed elementor-section-height-default elementor-section-height-default\" data-id=\"4a00153\" data-element_type=\"section\">\n\t\t\t\t\t\t<div class=\"elementor-container elementor-column-gap-default\">\n\t\t\t\t\t\t\t<div class=\"elementor-row\">\n\t\t\t\t\t<div class=\"elementor-column elementor-col-100 elementor-top-column elementor-element elementor-element-3a39ae3\" data-id=\"3a39ae3\" data-element_type=\"column\">\n\t\t\t<div class=\"elementor-column-wrap elementor-element-populated\">\n\t\t\t\t\t\t\t<div class=\"elementor-widget-wrap\">\n\t\t\t\t\t\t<div class=\"elementor-element elementor-element-7cb5181 elementor-widget elementor-widget-spacer\" data-id=\"7cb5181\" data-element_type=\"widget\" data-widget_type=\"spacer.default\">\n\t\t\t\t<div class=\"elementor-widget-container\">\n\t\t\t\t\t<div class=\"elementor-spacer\">\n\t\t\t<div class=\"elementor-spacer-inner\"><\/div>\n\t\t<\/div>\n\t\t\t\t<\/div>\n\t\t\t\t<\/div>\n\t\t\t\t\t\t<\/div>\n\t\t\t\t\t<\/div>\n\t\t<\/div>\n\t\t\t\t\t\t\t\t<\/div>\n\t\t\t\t\t<\/div>\n\t\t<\/section>\n\t\t\t\t<section class=\"elementor-section elementor-top-section elementor-element elementor-element-cf9d71c elementor-section-boxed elementor-section-height-default elementor-section-height-default\" data-id=\"cf9d71c\" data-element_type=\"section\">\n\t\t\t\t\t\t<div class=\"elementor-container elementor-column-gap-default\">\n\t\t\t\t\t\t\t<div class=\"elementor-row\">\n\t\t\t\t\t<div class=\"elementor-column elementor-col-100 elementor-top-column elementor-element elementor-element-ba393ee\" data-id=\"ba393ee\" data-element_type=\"column\">\n\t\t\t<div class=\"elementor-column-wrap elementor-element-populated\">\n\t\t\t\t\t\t\t<div class=\"elementor-widget-wrap\">\n\t\t\t\t\t\t<div class=\"elementor-element elementor-element-7c14f21 elementor-align-center elementor-invisible elementor-widget elementor-widget-button\" data-id=\"7c14f21\" data-element_type=\"widget\" data-settings=\"{&quot;_animation&quot;:&quot;none&quot;}\" data-widget_type=\"button.default\">\n\t\t\t\t<div class=\"elementor-widget-container\">\n\t\t\t\t\t<div class=\"elementor-button-wrapper\">\n\t\t\t<a href=\"http:\/\/www.f-s-huber.de\/?page_id=17\" class=\"elementor-button-link elementor-button elementor-size-md elementor-animation-grow\" role=\"button\">\n\t\t\t\t\t\t<span class=\"elementor-button-content-wrapper\">\n\t\t\t\t\t\t<span class=\"elementor-button-icon elementor-align-icon-right\">\n\t\t\t\t<i aria-hidden=\"true\" class=\"fas fa-arrow-alt-circle-right\"><\/i>\t\t\t<\/span>\n\t\t\t\t\t\t<span class=\"elementor-button-text\">Anfrage stellen<\/span>\n\t\t<\/span>\n\t\t\t\t\t<\/a>\n\t\t<\/div>\n\t\t\t\t<\/div>\n\t\t\t\t<\/div>\n\t\t\t\t\t\t<\/div>\n\t\t\t\t\t<\/div>\n\t\t<\/div>\n\t\t\t\t\t\t\t\t<\/div>\n\t\t\t\t\t<\/div>\n\t\t<\/section>\n\t\t\t\t<section class=\"elementor-section elementor-top-section elementor-element elementor-element-46b8ea6 elementor-section-boxed elementor-section-height-default elementor-section-height-default\" data-id=\"46b8ea6\" data-element_type=\"section\">\n\t\t\t\t\t\t<div class=\"elementor-container elementor-column-gap-default\">\n\t\t\t\t\t\t\t<div class=\"elementor-row\">\n\t\t\t\t\t<div class=\"elementor-column elementor-col-100 elementor-top-column elementor-element elementor-element-71412b4\" data-id=\"71412b4\" data-element_type=\"column\">\n\t\t\t<div class=\"elementor-column-wrap elementor-element-populated\">\n\t\t\t\t\t\t\t<div class=\"elementor-widget-wrap\">\n\t\t\t\t\t\t<div class=\"elementor-element elementor-element-23658e2 elementor-widget elementor-widget-spacer\" data-id=\"23658e2\" data-element_type=\"widget\" data-widget_type=\"spacer.default\">\n\t\t\t\t<div class=\"elementor-widget-container\">\n\t\t\t\t\t<div class=\"elementor-spacer\">\n\t\t\t<div class=\"elementor-spacer-inner\"><\/div>\n\t\t<\/div>\n\t\t\t\t<\/div>\n\t\t\t\t<\/div>\n\t\t\t\t\t\t<\/div>\n\t\t\t\t\t<\/div>\n\t\t<\/div>\n\t\t\t\t\t\t\t\t<\/div>\n\t\t\t\t\t<\/div>\n\t\t<\/section>\n\t\t\t\t\t\t<\/div>\n\t\t\t\t\t\t<\/div>\n\t\t\t\t\t<\/div>\n\t\t","protected":false},"excerpt":{"rendered":"<p>Herzlich Willkommen bei Fliesen &#8211; Schornstein &#8211; Huber Ihr Handwerker aus der Region Schwandorf: zuverl\u00e4ssig, sorgf\u00e4ltig und termingerecht. Unsere Leistungen im \u00dcberblick: Fliesenlegen Wir fliesen Ihre K\u00fcche, Bad, Wohnr\u00e4ume sowie Garage nach Ihren individuellen W\u00fcnschen. Egal ob Neubau, Modernisierung oder Sanierung. Schornstein Wir errichten Schornsteine aller Art, von Montage, Fertigteilen und Edelstahl bis hin zu&hellip;&nbsp;<a href=\"https:\/\/www.f-s-huber.de\/\" class=\"\" rel=\"bookmark\">Weiterlesen &raquo;<span class=\"screen-reader-text\">Startseite<\/span><\/a><\/p>\n","protected":false},"author":1,"featured_media":0,"parent":0,"menu_order":0,"comment_status":"closed","ping_status":"closed","template":"page-templates\/template-pagebuilder-full-width.php","meta":{"neve_meta_sidebar":"","neve_meta_container":"","neve_meta_enable_content_width":"","neve_meta_content_width":0,"neve_meta_title_alignment":"","neve_meta_author_avatar":"","neve_post_elements_order":"","neve_meta_disable_header":"","neve_meta_disable_footer":"","neve_meta_disable_title":"","_ti_tpc_template_sync":false,"_ti_tpc_template_id":"","footnotes":""},"class_list":["post-306","page","type-page","status-publish","hentry"],"yoast_head":"<!-- This site is optimized with the Yoast SEO plugin v15.6.2 - https:\/\/yoast.com\/wordpress\/plugins\/seo\/ -->\n<title>Startseite - F-S-Huber<\/title>\n<meta name=\"robots\" content=\"index, follow, max-snippet:-1, max-image-preview:large, max-video-preview:-1\" \/>\n<link rel=\"canonical\" href=\"https:\/\/www.f-s-huber.de\/\" \/>\n<meta property=\"og:locale\" content=\"de_DE\" \/>\n<meta property=\"og:type\" content=\"article\" \/>\n<meta property=\"og:title\" content=\"Startseite - F-S-Huber\" \/>\n<meta property=\"og:description\" content=\"Herzlich Willkommen bei Fliesen &#8211; Schornstein &#8211; Huber Ihr Handwerker aus der Region Schwandorf: zuverl\u00e4ssig, sorgf\u00e4ltig und termingerecht. Unsere Leistungen im \u00dcberblick: Fliesenlegen Wir fliesen Ihre K\u00fcche, Bad, Wohnr\u00e4ume sowie Garage nach Ihren individuellen W\u00fcnschen. Egal ob Neubau, Modernisierung oder Sanierung. Schornstein Wir errichten Schornsteine aller Art, von Montage, Fertigteilen und Edelstahl bis hin zu&hellip;&nbsp;Weiterlesen &raquo;Startseite\" \/>\n<meta property=\"og:url\" content=\"https:\/\/www.f-s-huber.de\/\" \/>\n<meta property=\"og:site_name\" content=\"F-S-Huber\" \/>\n<meta property=\"article:modified_time\" content=\"2021-01-19T15:27:00+00:00\" \/>\n<meta property=\"og:image\" content=\"https:\/\/www.f-s-huber.de\/wp-content\/uploads\/2021\/01\/Fliesenlegen-Kuechenzeile-1.jpg\" \/>\n<meta name=\"twitter:card\" content=\"summary_large_image\" \/>\n<meta name=\"twitter:label1\" content=\"Gesch\u00e4tzte Lesezeit\">\n\t<meta name=\"twitter:data1\" content=\"1\u00a0Minute\">\n<script type=\"application\/ld+json\" class=\"yoast-schema-graph\">{\"@context\":\"https:\/\/schema.org\",\"@graph\":[{\"@type\":\"Organization\",\"@id\":\"https:\/\/www.f-s-huber.de\/#organization\",\"name\":\"Fliesen - Schornstein - Huber\",\"url\":\"https:\/\/www.f-s-huber.de\/\",\"sameAs\":[],\"logo\":{\"@type\":\"ImageObject\",\"@id\":\"https:\/\/www.f-s-huber.de\/#logo\",\"inLanguage\":\"de\",\"url\":\"https:\/\/www.f-s-huber.de\/wp-content\/uploads\/2020\/09\/FSH-Logo-1.jpeg\",\"width\":685,\"height\":395,\"caption\":\"Fliesen - Schornstein - Huber\"},\"image\":{\"@id\":\"https:\/\/www.f-s-huber.de\/#logo\"}},{\"@type\":\"WebSite\",\"@id\":\"https:\/\/www.f-s-huber.de\/#website\",\"url\":\"https:\/\/www.f-s-huber.de\/\",\"name\":\"Fliesen - Schornstein - Huber\",\"description\":\"Fliesen - Schornstein - Huber\",\"publisher\":{\"@id\":\"https:\/\/www.f-s-huber.de\/#organization\"},\"potentialAction\":[{\"@type\":\"SearchAction\",\"target\":\"https:\/\/www.f-s-huber.de\/?s={search_term_string}\",\"query-input\":\"required name=search_term_string\"}],\"inLanguage\":\"de\"},{\"@type\":\"ImageObject\",\"@id\":\"https:\/\/www.f-s-huber.de\/#primaryimage\",\"inLanguage\":\"de\",\"url\":\"https:\/\/www.f-s-huber.de\/wp-content\/uploads\/2021\/01\/Fliesenlegen-Kuechenzeile-1.jpg\",\"width\":1831,\"height\":1831},{\"@type\":\"WebPage\",\"@id\":\"https:\/\/www.f-s-huber.de\/#webpage\",\"url\":\"https:\/\/www.f-s-huber.de\/\",\"name\":\"Startseite - F-S-Huber\",\"isPartOf\":{\"@id\":\"https:\/\/www.f-s-huber.de\/#website\"},\"primaryImageOfPage\":{\"@id\":\"https:\/\/www.f-s-huber.de\/#primaryimage\"},\"datePublished\":\"2021-01-10T07:10:45+00:00\",\"dateModified\":\"2021-01-19T15:27:00+00:00\",\"inLanguage\":\"de\",\"potentialAction\":[{\"@type\":\"ReadAction\",\"target\":[\"https:\/\/www.f-s-huber.de\/\"]}]}]}<\/script>\n<!-- \/ Yoast SEO plugin. -->","_links":{"self":[{"href":"https:\/\/www.f-s-huber.de\/index.php?rest_route=\/wp\/v2\/pages\/306"}],"collection":[{"href":"https:\/\/www.f-s-huber.de\/index.php?rest_route=\/wp\/v2\/pages"}],"about":[{"href":"https:\/\/www.f-s-huber.de\/index.php?rest_route=\/wp\/v2\/types\/page"}],"author":[{"embeddable":true,"href":"https:\/\/www.f-s-huber.de\/index.php?rest_route=\/wp\/v2\/users\/1"}],"replies":[{"embeddable":true,"href":"https:\/\/www.f-s-huber.de\/index.php?rest_route=%2Fwp%2Fv2%2Fcomments&post=306"}],"version-history":[{"count":46,"href":"https:\/\/www.f-s-huber.de\/index.php?rest_route=\/wp\/v2\/pages\/306\/revisions"}],"predecessor-version":[{"id":599,"href":"https:\/\/www.f-s-huber.de\/index.php?rest_route=\/wp\/v2\/pages\/306\/revisions\/599"}],"wp:attachment":[{"href":"https:\/\/www.f-s-huber.de\/index.php?rest_route=%2Fwp%2Fv2%2Fmedia&parent=306"}],"curies":[{"name":"wp","href":"https:\/\/api.w.org\/{rel}","templated":true}]}}