{"id":247,"date":"2021-01-06T11:40:35","date_gmt":"2021-01-06T11:40:35","guid":{"rendered":"https:\/\/www.f-s-huber.de\/?page_id=247"},"modified":"2021-01-18T18:32:02","modified_gmt":"2021-01-18T18:32:02","slug":"kamineinsatz","status":"publish","type":"page","link":"https:\/\/www.f-s-huber.de\/?page_id=247","title":{"rendered":"Kamineinsatz"},"content":{"rendered":"\t\t<div data-elementor-type=\"wp-page\" data-elementor-id=\"247\" class=\"elementor elementor-247\" data-elementor-settings=\"[]\">\n\t\t\t\t\t\t<div class=\"elementor-inner\">\n\t\t\t\t\t\t\t<div class=\"elementor-section-wrap\">\n\t\t\t\t\t\t\t<section class=\"elementor-section elementor-top-section elementor-element elementor-element-9941302 elementor-section-full_width elementor-section-height-min-height elementor-section-height-default elementor-section-items-middle\" data-id=\"9941302\" data-element_type=\"section\" data-settings=\"{&quot;background_background&quot;:&quot;slideshow&quot;,&quot;background_slideshow_gallery&quot;:[{&quot;id&quot;:328,&quot;url&quot;:&quot;http:\\\/\\\/www.f-s-huber.de\\\/wp-content\\\/uploads\\\/2021\\\/01\\\/Headerbild-Kamineinsatz-scaled.jpg&quot;}],&quot;background_slideshow_loop&quot;:&quot;yes&quot;,&quot;background_slideshow_slide_duration&quot;:5000,&quot;background_slideshow_slide_transition&quot;:&quot;fade&quot;,&quot;background_slideshow_transition_duration&quot;:500}\">\n\t\t\t\t\t\t<div class=\"elementor-container elementor-column-gap-default\">\n\t\t\t\t\t\t\t<div class=\"elementor-row\">\n\t\t\t\t\t<div class=\"elementor-column elementor-col-100 elementor-top-column elementor-element elementor-element-0ce17e7\" data-id=\"0ce17e7\" data-element_type=\"column\">\n\t\t\t<div class=\"elementor-column-wrap\">\n\t\t\t\t\t\t\t<div class=\"elementor-widget-wrap\">\n\t\t\t\t\t\t\t\t<\/div>\n\t\t\t\t\t<\/div>\n\t\t<\/div>\n\t\t\t\t\t\t\t\t<\/div>\n\t\t\t\t\t<\/div>\n\t\t<\/section>\n\t\t\t\t<section class=\"elementor-section elementor-top-section elementor-element elementor-element-6663baf elementor-section-boxed elementor-section-height-default elementor-section-height-default\" data-id=\"6663baf\" data-element_type=\"section\">\n\t\t\t\t\t\t<div class=\"elementor-container elementor-column-gap-default\">\n\t\t\t\t\t\t\t<div class=\"elementor-row\">\n\t\t\t\t\t<div class=\"elementor-column elementor-col-100 elementor-top-column elementor-element elementor-element-7de65d5\" data-id=\"7de65d5\" data-element_type=\"column\">\n\t\t\t<div class=\"elementor-column-wrap elementor-element-populated\">\n\t\t\t\t\t\t\t<div class=\"elementor-widget-wrap\">\n\t\t\t\t\t\t<div class=\"elementor-element elementor-element-c24eb0c elementor-widget elementor-widget-spacer\" data-id=\"c24eb0c\" data-element_type=\"widget\" data-widget_type=\"spacer.default\">\n\t\t\t\t<div class=\"elementor-widget-container\">\n\t\t\t\t\t<div class=\"elementor-spacer\">\n\t\t\t<div class=\"elementor-spacer-inner\"><\/div>\n\t\t<\/div>\n\t\t\t\t<\/div>\n\t\t\t\t<\/div>\n\t\t\t\t<div class=\"elementor-element elementor-element-365bc05 elementor-widget elementor-widget-heading\" data-id=\"365bc05\" data-element_type=\"widget\" data-widget_type=\"heading.default\">\n\t\t\t\t<div class=\"elementor-widget-container\">\n\t\t\t<h1 class=\"elementor-heading-title elementor-size-default\">Kamineinsatz <\/h1>\t\t<\/div>\n\t\t\t\t<\/div>\n\t\t\t\t<div class=\"elementor-element elementor-element-d3bf92c elementor-widget elementor-widget-text-editor\" data-id=\"d3bf92c\" data-element_type=\"widget\" data-widget_type=\"text-editor.default\">\n\t\t\t\t<div class=\"elementor-widget-container\">\n\t\t\t\t\t<div class=\"elementor-text-editor elementor-clearfix\"><p>Wir tauschen Ihren technisch veralteten Kamineinsatz, um die vorgegebenen Emissions-Grenzwerte gem\u00e4\u00df 1. BImSchV korrekt einzuhalten. Die Betreiber eines alten Kachelofeneinsatz m\u00fcssen diesen austauschen oder stilllegen, wenn die Grenzwerte nicht eingehalten werden.<\/p><p>Wann Sie den Kachelofeneinsatz tauschen m\u00fcssen ist abh\u00e4ngig vom Baujahr auf dem Typenschild. Es gelten folgende Fristen und Zeitpunkte f\u00fcr den Austausch des Kachelofeneinsatz:<\/p><\/div>\n\t\t\t\t<\/div>\n\t\t\t\t<\/div>\n\t\t\t\t\t\t<\/div>\n\t\t\t\t\t<\/div>\n\t\t<\/div>\n\t\t\t\t\t\t\t\t<\/div>\n\t\t\t\t\t<\/div>\n\t\t<\/section>\n\t\t\t\t<section class=\"elementor-section elementor-top-section elementor-element elementor-element-a3444aa elementor-hidden-phone elementor-section-boxed elementor-section-height-default elementor-section-height-default\" data-id=\"a3444aa\" data-element_type=\"section\">\n\t\t\t\t\t\t<div class=\"elementor-container elementor-column-gap-default\">\n\t\t\t\t\t\t\t<div class=\"elementor-row\">\n\t\t\t\t\t<div class=\"elementor-column elementor-col-50 elementor-top-column elementor-element elementor-element-c013170\" data-id=\"c013170\" data-element_type=\"column\" data-settings=\"{&quot;background_background&quot;:&quot;classic&quot;}\">\n\t\t\t<div class=\"elementor-column-wrap elementor-element-populated\">\n\t\t\t\t\t\t\t<div class=\"elementor-widget-wrap\">\n\t\t\t\t\t\t<div class=\"elementor-element elementor-element-3c9ab7e elementor-widget elementor-widget-text-editor\" data-id=\"3c9ab7e\" data-element_type=\"widget\" data-widget_type=\"text-editor.default\">\n\t\t\t\t<div class=\"elementor-widget-container\">\n\t\t\t\t\t<div class=\"elementor-text-editor elementor-clearfix\"><h4><strong>Baujahr<\/strong><\/h4><p>Kachelofeneinsatz \/ Heizeinsatz bis Baujahr <strong>1950<\/strong>:<\/p><p>Kachelofeneinsatz \/ Heizeinsatz mit Baujahr zwischen <strong>1950 \u2013 1974<\/strong>:<\/p><p>Kachelofeneinsatz \/ Heizeinsatz mit Baujahr <strong>1975 \u2013 1984<\/strong>:<\/p><p>Kachelofeneinsatz \/ Heizeinsatz mit Baujahr <strong>1985 \u2013 1994<\/strong>:<\/p><p>Kachelofeneinsatz \/ Heizeinsatz mit Baujahr <strong>1995 \u2013 2010<\/strong>:<\/p><\/div>\n\t\t\t\t<\/div>\n\t\t\t\t<\/div>\n\t\t\t\t\t\t<\/div>\n\t\t\t\t\t<\/div>\n\t\t<\/div>\n\t\t\t\t<div class=\"elementor-column elementor-col-50 elementor-top-column elementor-element elementor-element-0707b3a\" data-id=\"0707b3a\" data-element_type=\"column\" data-settings=\"{&quot;background_background&quot;:&quot;classic&quot;}\">\n\t\t\t<div class=\"elementor-column-wrap elementor-element-populated\">\n\t\t\t\t\t\t\t<div class=\"elementor-widget-wrap\">\n\t\t\t\t\t\t<div class=\"elementor-element elementor-element-f2f4573 elementor-widget elementor-widget-text-editor\" data-id=\"f2f4573\" data-element_type=\"widget\" data-widget_type=\"text-editor.default\">\n\t\t\t\t<div class=\"elementor-widget-container\">\n\t\t\t\t\t<div class=\"elementor-text-editor elementor-clearfix\"><h4><strong>Austausch des Kachelofeneinsatz notwendig?<\/strong><\/h4><p>darf weiter betrieben werden<\/p><p>Kachelofeneinsatz tauschen oder au\u00dfer Betrieb nehmen bis <strong>31.12.2014<\/strong><\/p><p>Kachelofeneinsatz tauschen oder au\u00dfer Betrieb nehmen bis <strong>31.12.2017<\/strong><\/p><p>Kachelofeneinsatz tauschen oder au\u00dfer Betrieb nehmen bis <strong>31.12.2020<\/strong><\/p><p>Kachelofeneinsatz tauschen oder au\u00dfer Betrieb nehmen bis <strong>31.12.2024<\/strong><\/p><\/div>\n\t\t\t\t<\/div>\n\t\t\t\t<\/div>\n\t\t\t\t\t\t<\/div>\n\t\t\t\t\t<\/div>\n\t\t<\/div>\n\t\t\t\t\t\t\t\t<\/div>\n\t\t\t\t\t<\/div>\n\t\t<\/section>\n\t\t\t\t<section class=\"elementor-section elementor-top-section elementor-element elementor-element-b55eca2 elementor-section-boxed elementor-section-height-default elementor-section-height-default\" data-id=\"b55eca2\" data-element_type=\"section\">\n\t\t\t\t\t\t<div class=\"elementor-container elementor-column-gap-default\">\n\t\t\t\t\t\t\t<div class=\"elementor-row\">\n\t\t\t\t\t<div class=\"elementor-column elementor-col-100 elementor-top-column elementor-element elementor-element-a4c17ba\" data-id=\"a4c17ba\" data-element_type=\"column\">\n\t\t\t<div class=\"elementor-column-wrap elementor-element-populated\">\n\t\t\t\t\t\t\t<div class=\"elementor-widget-wrap\">\n\t\t\t\t\t\t<div class=\"elementor-element elementor-element-73a278c elementor-hidden-desktop elementor-hidden-tablet elementor-widget elementor-widget-image\" data-id=\"73a278c\" data-element_type=\"widget\" data-widget_type=\"image.default\">\n\t\t\t\t<div class=\"elementor-widget-container\">\n\t\t\t\t\t<div class=\"elementor-image\">\n\t\t\t\t\t\t\t\t\t\t<img loading=\"lazy\" decoding=\"async\" width=\"1024\" height=\"275\" src=\"https:\/\/www.f-s-huber.de\/wp-content\/uploads\/2021\/01\/Kamineinsatz-1024x275.png\" class=\"attachment-large size-large\" alt=\"\" srcset=\"https:\/\/www.f-s-huber.de\/wp-content\/uploads\/2021\/01\/Kamineinsatz-1024x275.png 1024w, https:\/\/www.f-s-huber.de\/wp-content\/uploads\/2021\/01\/Kamineinsatz-300x81.png 300w, https:\/\/www.f-s-huber.de\/wp-content\/uploads\/2021\/01\/Kamineinsatz-768x207.png 768w, https:\/\/www.f-s-huber.de\/wp-content\/uploads\/2021\/01\/Kamineinsatz.png 1435w\" sizes=\"(max-width: 1024px) 100vw, 1024px\" \/>\t\t\t\t\t\t\t\t\t\t\t<\/div>\n\t\t\t\t<\/div>\n\t\t\t\t<\/div>\n\t\t\t\t\t\t<\/div>\n\t\t\t\t\t<\/div>\n\t\t<\/div>\n\t\t\t\t\t\t\t\t<\/div>\n\t\t\t\t\t<\/div>\n\t\t<\/section>\n\t\t\t\t<section class=\"elementor-section elementor-top-section elementor-element elementor-element-5e43f1e elementor-section-boxed elementor-section-height-default elementor-section-height-default\" data-id=\"5e43f1e\" data-element_type=\"section\">\n\t\t\t\t\t\t<div class=\"elementor-container elementor-column-gap-default\">\n\t\t\t\t\t\t\t<div class=\"elementor-row\">\n\t\t\t\t\t<div class=\"elementor-column elementor-col-100 elementor-top-column elementor-element elementor-element-1be1f98\" data-id=\"1be1f98\" data-element_type=\"column\">\n\t\t\t<div class=\"elementor-column-wrap elementor-element-populated\">\n\t\t\t\t\t\t\t<div class=\"elementor-widget-wrap\">\n\t\t\t\t\t\t<div class=\"elementor-element elementor-element-35978ce elementor-widget elementor-widget-text-editor\" data-id=\"35978ce\" data-element_type=\"widget\" data-widget_type=\"text-editor.default\">\n\t\t\t\t<div class=\"elementor-widget-container\">\n\t\t\t\t\t<div class=\"elementor-text-editor elementor-clearfix\"><p>Quelle: 1. Bundes-Immissionsschutzverordnung \/ <a href=\"https:\/\/www.gesetze-im-internet.de\/bimschv_1_2010\/\">1. BImSchV.<\/a><\/p><\/div>\n\t\t\t\t<\/div>\n\t\t\t\t<\/div>\n\t\t\t\t\t\t<\/div>\n\t\t\t\t\t<\/div>\n\t\t<\/div>\n\t\t\t\t\t\t\t\t<\/div>\n\t\t\t\t\t<\/div>\n\t\t<\/section>\n\t\t\t\t<section class=\"elementor-section elementor-top-section elementor-element elementor-element-a7c3f3f elementor-section-boxed elementor-section-height-default elementor-section-height-default\" data-id=\"a7c3f3f\" data-element_type=\"section\">\n\t\t\t\t\t\t<div class=\"elementor-container elementor-column-gap-default\">\n\t\t\t\t\t\t\t<div class=\"elementor-row\">\n\t\t\t\t\t<div class=\"elementor-column elementor-col-100 elementor-top-column elementor-element elementor-element-567c795\" data-id=\"567c795\" data-element_type=\"column\">\n\t\t\t<div class=\"elementor-column-wrap elementor-element-populated\">\n\t\t\t\t\t\t\t<div class=\"elementor-widget-wrap\">\n\t\t\t\t\t\t<div class=\"elementor-element elementor-element-8cf432f elementor-widget elementor-widget-spacer\" data-id=\"8cf432f\" data-element_type=\"widget\" data-widget_type=\"spacer.default\">\n\t\t\t\t<div class=\"elementor-widget-container\">\n\t\t\t\t\t<div class=\"elementor-spacer\">\n\t\t\t<div class=\"elementor-spacer-inner\"><\/div>\n\t\t<\/div>\n\t\t\t\t<\/div>\n\t\t\t\t<\/div>\n\t\t\t\t\t\t<\/div>\n\t\t\t\t\t<\/div>\n\t\t<\/div>\n\t\t\t\t\t\t\t\t<\/div>\n\t\t\t\t\t<\/div>\n\t\t<\/section>\n\t\t\t\t<section class=\"elementor-section elementor-top-section elementor-element elementor-element-4b85a46 elementor-section-boxed elementor-section-height-default elementor-section-height-default\" data-id=\"4b85a46\" data-element_type=\"section\">\n\t\t\t\t\t\t<div class=\"elementor-container elementor-column-gap-default\">\n\t\t\t\t\t\t\t<div class=\"elementor-row\">\n\t\t\t\t\t<div class=\"elementor-column elementor-col-50 elementor-top-column elementor-element elementor-element-3cad17f\" data-id=\"3cad17f\" data-element_type=\"column\" data-settings=\"{&quot;background_background&quot;:&quot;classic&quot;}\">\n\t\t\t<div class=\"elementor-column-wrap elementor-element-populated\">\n\t\t\t\t\t\t\t<div class=\"elementor-widget-wrap\">\n\t\t\t\t\t\t<div class=\"elementor-element elementor-element-4c0e4a7 elementor-widget elementor-widget-heading\" data-id=\"4c0e4a7\" data-element_type=\"widget\" data-widget_type=\"heading.default\">\n\t\t\t\t<div class=\"elementor-widget-container\">\n\t\t\t<h4 class=\"elementor-heading-title elementor-size-default\">Kamineinsatz (Tausch)<\/h4>\t\t<\/div>\n\t\t\t\t<\/div>\n\t\t\t\t<div class=\"elementor-element elementor-element-f4074b0 elementor-arrows-position-inside elementor-pagination-position-outside elementor-widget elementor-widget-image-carousel\" data-id=\"f4074b0\" data-element_type=\"widget\" data-settings=\"{&quot;slides_to_show&quot;:&quot;2&quot;,&quot;autoplay&quot;:&quot;no&quot;,&quot;infinite&quot;:&quot;no&quot;,&quot;navigation&quot;:&quot;both&quot;,&quot;speed&quot;:500}\" data-widget_type=\"image-carousel.default\">\n\t\t\t\t<div class=\"elementor-widget-container\">\n\t\t\t\t\t<div class=\"elementor-image-carousel-wrapper swiper-container\" dir=\"ltr\">\n\t\t\t<div class=\"elementor-image-carousel swiper-wrapper\">\n\t\t\t\t<div class=\"swiper-slide\"><a data-elementor-open-lightbox=\"yes\" data-elementor-lightbox-slideshow=\"f4074b0\" data-elementor-lightbox-title=\"Kamineinsatz-Tausch-1\" href=\"https:\/\/www.f-s-huber.de\/wp-content\/uploads\/2021\/01\/Kamineinsatz-Tausch-1-1.jpg\"><figure class=\"swiper-slide-inner\"><img decoding=\"async\" class=\"swiper-slide-image\" src=\"https:\/\/www.f-s-huber.de\/wp-content\/uploads\/elementor\/thumbs\/Kamineinsatz-Tausch-1-1-p1hqtjz4s62y7acioy7v8jwxixtsu6w2g6u548adao.jpg\" alt=\"Kamineinsatz-Tausch-1\" \/><\/figure><\/a><\/div><div class=\"swiper-slide\"><a data-elementor-open-lightbox=\"yes\" data-elementor-lightbox-slideshow=\"f4074b0\" data-elementor-lightbox-title=\"Kamineinsatz-Tausch-2\" href=\"https:\/\/www.f-s-huber.de\/wp-content\/uploads\/2021\/01\/Kamineinsatz-Tausch-2.jpg\"><figure class=\"swiper-slide-inner\"><img decoding=\"async\" class=\"swiper-slide-image\" src=\"https:\/\/www.f-s-huber.de\/wp-content\/uploads\/elementor\/thumbs\/Kamineinsatz-Tausch-2-p1hqtjz4s62y7acioy7v8jwxixtsu6w2g6u548adao.jpg\" alt=\"Kamineinsatz-Tausch-2\" \/><\/figure><\/a><\/div><div class=\"swiper-slide\"><a data-elementor-open-lightbox=\"yes\" data-elementor-lightbox-slideshow=\"f4074b0\" data-elementor-lightbox-title=\"Kamineinsatz-Tausch-3\" href=\"https:\/\/www.f-s-huber.de\/wp-content\/uploads\/2021\/01\/Kamineinsatz-Tausch-3.jpg\"><figure class=\"swiper-slide-inner\"><img decoding=\"async\" class=\"swiper-slide-image\" src=\"https:\/\/www.f-s-huber.de\/wp-content\/uploads\/elementor\/thumbs\/Kamineinsatz-Tausch-3-p1hqtjz4s62y7acioy7v8jwxixtsu6w2g6u548adao.jpg\" alt=\"Kamineinsatz-Tausch-3\" \/><\/figure><\/a><\/div>\t\t\t<\/div>\n\t\t\t\t\t\t\t\t\t\t\t\t<div class=\"swiper-pagination\"><\/div>\n\t\t\t\t\t\t\t\t\t\t\t\t\t<div class=\"elementor-swiper-button elementor-swiper-button-prev\">\n\t\t\t\t\t\t<i class=\"eicon-chevron-left\" aria-hidden=\"true\"><\/i>\n\t\t\t\t\t\t<span class=\"elementor-screen-only\">Zur\u00fcck<\/span>\n\t\t\t\t\t<\/div>\n\t\t\t\t\t<div class=\"elementor-swiper-button elementor-swiper-button-next\">\n\t\t\t\t\t\t<i class=\"eicon-chevron-right\" aria-hidden=\"true\"><\/i>\n\t\t\t\t\t\t<span class=\"elementor-screen-only\">Weiter<\/span>\n\t\t\t\t\t<\/div>\n\t\t\t\t\t\t\t\t\t<\/div>\n\t\t\t\t<\/div>\n\t\t\t\t<\/div>\n\t\t\t\t\t\t<\/div>\n\t\t\t\t\t<\/div>\n\t\t<\/div>\n\t\t\t\t<div class=\"elementor-column elementor-col-50 elementor-top-column elementor-element elementor-element-22bd093\" data-id=\"22bd093\" data-element_type=\"column\" data-settings=\"{&quot;background_background&quot;:&quot;classic&quot;}\">\n\t\t\t<div class=\"elementor-column-wrap\">\n\t\t\t\t\t\t\t<div class=\"elementor-widget-wrap\">\n\t\t\t\t\t\t\t\t<\/div>\n\t\t\t\t\t<\/div>\n\t\t<\/div>\n\t\t\t\t\t\t\t\t<\/div>\n\t\t\t\t\t<\/div>\n\t\t<\/section>\n\t\t\t\t<section class=\"elementor-section elementor-top-section elementor-element elementor-element-6057351 elementor-section-boxed elementor-section-height-default elementor-section-height-default\" data-id=\"6057351\" data-element_type=\"section\">\n\t\t\t\t\t\t<div class=\"elementor-container elementor-column-gap-default\">\n\t\t\t\t\t\t\t<div class=\"elementor-row\">\n\t\t\t\t\t<div class=\"elementor-column elementor-col-100 elementor-top-column elementor-element elementor-element-8aeab25\" data-id=\"8aeab25\" data-element_type=\"column\">\n\t\t\t<div class=\"elementor-column-wrap elementor-element-populated\">\n\t\t\t\t\t\t\t<div class=\"elementor-widget-wrap\">\n\t\t\t\t\t\t<div class=\"elementor-element elementor-element-46a2535 elementor-widget elementor-widget-spacer\" data-id=\"46a2535\" data-element_type=\"widget\" data-widget_type=\"spacer.default\">\n\t\t\t\t<div class=\"elementor-widget-container\">\n\t\t\t\t\t<div class=\"elementor-spacer\">\n\t\t\t<div class=\"elementor-spacer-inner\"><\/div>\n\t\t<\/div>\n\t\t\t\t<\/div>\n\t\t\t\t<\/div>\n\t\t\t\t\t\t<\/div>\n\t\t\t\t\t<\/div>\n\t\t<\/div>\n\t\t\t\t\t\t\t\t<\/div>\n\t\t\t\t\t<\/div>\n\t\t<\/section>\n\t\t\t\t<section class=\"elementor-section elementor-top-section elementor-element elementor-element-ec2fed8 elementor-section-boxed elementor-section-height-default elementor-section-height-default\" data-id=\"ec2fed8\" data-element_type=\"section\">\n\t\t\t\t\t\t<div class=\"elementor-container elementor-column-gap-default\">\n\t\t\t\t\t\t\t<div class=\"elementor-row\">\n\t\t\t\t\t<div class=\"elementor-column elementor-col-100 elementor-top-column elementor-element elementor-element-7abe794\" data-id=\"7abe794\" data-element_type=\"column\">\n\t\t\t<div class=\"elementor-column-wrap elementor-element-populated\">\n\t\t\t\t\t\t\t<div class=\"elementor-widget-wrap\">\n\t\t\t\t\t\t<div class=\"elementor-element elementor-element-2e89af1 elementor-align-center elementor-invisible elementor-widget elementor-widget-button\" data-id=\"2e89af1\" data-element_type=\"widget\" data-settings=\"{&quot;_animation&quot;:&quot;none&quot;}\" data-widget_type=\"button.default\">\n\t\t\t\t<div class=\"elementor-widget-container\">\n\t\t\t\t\t<div class=\"elementor-button-wrapper\">\n\t\t\t<a href=\"http:\/\/www.f-s-huber.de\/?page_id=17\" class=\"elementor-button-link elementor-button elementor-size-md elementor-animation-grow\" role=\"button\">\n\t\t\t\t\t\t<span class=\"elementor-button-content-wrapper\">\n\t\t\t\t\t\t<span class=\"elementor-button-icon elementor-align-icon-right\">\n\t\t\t\t<i aria-hidden=\"true\" class=\"fas fa-arrow-alt-circle-right\"><\/i>\t\t\t<\/span>\n\t\t\t\t\t\t<span class=\"elementor-button-text\">Anfrage stellen<\/span>\n\t\t<\/span>\n\t\t\t\t\t<\/a>\n\t\t<\/div>\n\t\t\t\t<\/div>\n\t\t\t\t<\/div>\n\t\t\t\t\t\t<\/div>\n\t\t\t\t\t<\/div>\n\t\t<\/div>\n\t\t\t\t\t\t\t\t<\/div>\n\t\t\t\t\t<\/div>\n\t\t<\/section>\n\t\t\t\t<section class=\"elementor-section elementor-top-section elementor-element elementor-element-480f510 elementor-section-boxed elementor-section-height-default elementor-section-height-default\" data-id=\"480f510\" data-element_type=\"section\">\n\t\t\t\t\t\t<div class=\"elementor-container elementor-column-gap-default\">\n\t\t\t\t\t\t\t<div class=\"elementor-row\">\n\t\t\t\t\t<div class=\"elementor-column elementor-col-100 elementor-top-column elementor-element elementor-element-bfd01d6\" data-id=\"bfd01d6\" data-element_type=\"column\">\n\t\t\t<div class=\"elementor-column-wrap elementor-element-populated\">\n\t\t\t\t\t\t\t<div class=\"elementor-widget-wrap\">\n\t\t\t\t\t\t<div class=\"elementor-element elementor-element-9757d0c elementor-widget elementor-widget-spacer\" data-id=\"9757d0c\" data-element_type=\"widget\" data-widget_type=\"spacer.default\">\n\t\t\t\t<div class=\"elementor-widget-container\">\n\t\t\t\t\t<div class=\"elementor-spacer\">\n\t\t\t<div class=\"elementor-spacer-inner\"><\/div>\n\t\t<\/div>\n\t\t\t\t<\/div>\n\t\t\t\t<\/div>\n\t\t\t\t\t\t<\/div>\n\t\t\t\t\t<\/div>\n\t\t<\/div>\n\t\t\t\t\t\t\t\t<\/div>\n\t\t\t\t\t<\/div>\n\t\t<\/section>\n\t\t\t\t\t\t<\/div>\n\t\t\t\t\t\t<\/div>\n\t\t\t\t\t<\/div>\n\t\t","protected":false},"excerpt":{"rendered":"<p>Kamineinsatz Wir tauschen Ihren technisch veralteten Kamineinsatz, um die vorgegebenen Emissions-Grenzwerte gem\u00e4\u00df 1. BImSchV korrekt einzuhalten. Die Betreiber eines alten Kachelofeneinsatz m\u00fcssen diesen austauschen oder stilllegen, wenn die Grenzwerte nicht eingehalten werden. Wann Sie den Kachelofeneinsatz tauschen m\u00fcssen ist abh\u00e4ngig vom Baujahr auf dem Typenschild. Es gelten folgende Fristen und Zeitpunkte f\u00fcr den Austausch des&hellip;&nbsp;<a href=\"https:\/\/www.f-s-huber.de\/?page_id=247\" class=\"\" rel=\"bookmark\">Weiterlesen &raquo;<span class=\"screen-reader-text\">Kamineinsatz<\/span><\/a><\/p>\n","protected":false},"author":1,"featured_media":0,"parent":0,"menu_order":0,"comment_status":"closed","ping_status":"closed","template":"page-templates\/template-pagebuilder-full-width.php","meta":{"neve_meta_sidebar":"","neve_meta_container":"","neve_meta_enable_content_width":"","neve_meta_content_width":0,"neve_meta_title_alignment":"","neve_meta_author_avatar":"","neve_post_elements_order":"","neve_meta_disable_header":"","neve_meta_disable_footer":"","neve_meta_disable_title":"","_ti_tpc_template_sync":false,"_ti_tpc_template_id":"","footnotes":""},"class_list":["post-247","page","type-page","status-publish","hentry"],"yoast_head":"<!-- This site is optimized with the Yoast SEO plugin v15.6.2 - https:\/\/yoast.com\/wordpress\/plugins\/seo\/ -->\n<title>Kamineinsatz - F-S-Huber<\/title>\n<meta name=\"robots\" content=\"index, follow, max-snippet:-1, max-image-preview:large, max-video-preview:-1\" \/>\n<link rel=\"canonical\" href=\"https:\/\/www.f-s-huber.de\/?page_id=247\" \/>\n<meta property=\"og:locale\" content=\"de_DE\" \/>\n<meta property=\"og:type\" content=\"article\" \/>\n<meta property=\"og:title\" content=\"Kamineinsatz - F-S-Huber\" \/>\n<meta property=\"og:description\" content=\"Kamineinsatz Wir tauschen Ihren technisch veralteten Kamineinsatz, um die vorgegebenen Emissions-Grenzwerte gem\u00e4\u00df 1. BImSchV korrekt einzuhalten. Die Betreiber eines alten Kachelofeneinsatz m\u00fcssen diesen austauschen oder stilllegen, wenn die Grenzwerte nicht eingehalten werden. Wann Sie den Kachelofeneinsatz tauschen m\u00fcssen ist abh\u00e4ngig vom Baujahr auf dem Typenschild. Es gelten folgende Fristen und Zeitpunkte f\u00fcr den Austausch des&hellip;&nbsp;Weiterlesen &raquo;Kamineinsatz\" \/>\n<meta property=\"og:url\" content=\"https:\/\/www.f-s-huber.de\/?page_id=247\" \/>\n<meta property=\"og:site_name\" content=\"F-S-Huber\" \/>\n<meta property=\"article:modified_time\" content=\"2021-01-18T18:32:02+00:00\" \/>\n<meta property=\"og:image\" content=\"https:\/\/www.f-s-huber.de\/wp-content\/uploads\/2021\/01\/Kamineinsatz-1024x275.png\" \/>\n<meta name=\"twitter:card\" content=\"summary_large_image\" \/>\n<meta name=\"twitter:label1\" content=\"Gesch\u00e4tzte Lesezeit\">\n\t<meta name=\"twitter:data1\" content=\"2\u00a0Minuten\">\n<script type=\"application\/ld+json\" class=\"yoast-schema-graph\">{\"@context\":\"https:\/\/schema.org\",\"@graph\":[{\"@type\":\"Organization\",\"@id\":\"https:\/\/www.f-s-huber.de\/#organization\",\"name\":\"Fliesen - Schornstein - Huber\",\"url\":\"https:\/\/www.f-s-huber.de\/\",\"sameAs\":[],\"logo\":{\"@type\":\"ImageObject\",\"@id\":\"https:\/\/www.f-s-huber.de\/#logo\",\"inLanguage\":\"de\",\"url\":\"https:\/\/www.f-s-huber.de\/wp-content\/uploads\/2020\/09\/FSH-Logo-1.jpeg\",\"width\":685,\"height\":395,\"caption\":\"Fliesen - Schornstein - Huber\"},\"image\":{\"@id\":\"https:\/\/www.f-s-huber.de\/#logo\"}},{\"@type\":\"WebSite\",\"@id\":\"https:\/\/www.f-s-huber.de\/#website\",\"url\":\"https:\/\/www.f-s-huber.de\/\",\"name\":\"Fliesen - Schornstein - Huber\",\"description\":\"Fliesen - Schornstein - Huber\",\"publisher\":{\"@id\":\"https:\/\/www.f-s-huber.de\/#organization\"},\"potentialAction\":[{\"@type\":\"SearchAction\",\"target\":\"https:\/\/www.f-s-huber.de\/?s={search_term_string}\",\"query-input\":\"required name=search_term_string\"}],\"inLanguage\":\"de\"},{\"@type\":\"ImageObject\",\"@id\":\"https:\/\/www.f-s-huber.de\/?page_id=247#primaryimage\",\"inLanguage\":\"de\",\"url\":\"https:\/\/www.f-s-huber.de\/wp-content\/uploads\/2021\/01\/Kamineinsatz.png\",\"width\":1435,\"height\":386},{\"@type\":\"WebPage\",\"@id\":\"https:\/\/www.f-s-huber.de\/?page_id=247#webpage\",\"url\":\"https:\/\/www.f-s-huber.de\/?page_id=247\",\"name\":\"Kamineinsatz - F-S-Huber\",\"isPartOf\":{\"@id\":\"https:\/\/www.f-s-huber.de\/#website\"},\"primaryImageOfPage\":{\"@id\":\"https:\/\/www.f-s-huber.de\/?page_id=247#primaryimage\"},\"datePublished\":\"2021-01-06T11:40:35+00:00\",\"dateModified\":\"2021-01-18T18:32:02+00:00\",\"inLanguage\":\"de\",\"potentialAction\":[{\"@type\":\"ReadAction\",\"target\":[\"https:\/\/www.f-s-huber.de\/?page_id=247\"]}]}]}<\/script>\n<!-- \/ Yoast SEO plugin. -->","_links":{"self":[{"href":"https:\/\/www.f-s-huber.de\/index.php?rest_route=\/wp\/v2\/pages\/247"}],"collection":[{"href":"https:\/\/www.f-s-huber.de\/index.php?rest_route=\/wp\/v2\/pages"}],"about":[{"href":"https:\/\/www.f-s-huber.de\/index.php?rest_route=\/wp\/v2\/types\/page"}],"author":[{"embeddable":true,"href":"https:\/\/www.f-s-huber.de\/index.php?rest_route=\/wp\/v2\/users\/1"}],"replies":[{"embeddable":true,"href":"https:\/\/www.f-s-huber.de\/index.php?rest_route=%2Fwp%2Fv2%2Fcomments&post=247"}],"version-history":[{"count":46,"href":"https:\/\/www.f-s-huber.de\/index.php?rest_route=\/wp\/v2\/pages\/247\/revisions"}],"predecessor-version":[{"id":587,"href":"https:\/\/www.f-s-huber.de\/index.php?rest_route=\/wp\/v2\/pages\/247\/revisions\/587"}],"wp:attachment":[{"href":"https:\/\/www.f-s-huber.de\/index.php?rest_route=%2Fwp%2Fv2%2Fmedia&parent=247"}],"curies":[{"name":"wp","href":"https:\/\/api.w.org\/{rel}","templated":true}]}}